{"id":14459,"date":"2023-05-04T16:20:31","date_gmt":"2023-05-04T13:20:31","guid":{"rendered":"https:\/\/www.vegatport.com\/?page_id=14459"},"modified":"2023-05-08T14:42:40","modified_gmt":"2023-05-08T11:42:40","slug":"gumrukleme-hizmetleri","status":"publish","type":"page","link":"https:\/\/www.vegatport.com\/?page_id=14459","title":{"rendered":"G\u00fcmr\u00fckleme Hizmetleri"},"content":{"rendered":"<p>[vc_row][vc_column]<h1 id=\"et-animated-title-1\" class=\"et-animated-title et-clearfix  line-appear\" data-mobile-font=\"inherit\" data-tablet-font=\"inherit\" data-delay=\"10\" style=\"font-weight:700;color:#1f2c53;\"><span class=\"text-wrapper\"><span class=\"text\">G\u00fcmr\u00fckleme Hizmetleri<\/span><span class=\"line\" style=\"background-color:#1f2c53;\"><\/span><\/span><\/h1>[\/vc_column][\/vc_row][vc_row][vc_column width=&#8221;2\/3&#8243;]<div class=\"et-simple-braket-block-wrapper\"><style>#et-simple-braket-block-1 .braket-text {font-weight:400;}#et-simple-braket-block-1 .braket > div  {background-color:#e0b153;}<\/style><div id=\"et-simple-braket-block-1\" class=\"et-simple-braket-block \"><div class=\"braket\"><div><\/div><div><\/div><div><\/div><\/div><div class=\"braket-text\" data-mobile-font=\"inherit\" data-tablet-font=\"inherit\">G\u00fcmr\u00fck \u0130\u015flemlerindeki Ba\u015far\u0131m\u0131zla&lt;br \/&gt;\n\u0130hracat ve \u0130thalatlar\u0131n\u0131z\u0131 G\u00fcvenle Yap\u0131n!<\/div><\/div><\/div><div class=\"gap et-clearfix \" style=\"height:40px\"><\/div>[vc_column_text]Vega Trans olarak,<\/p>\n<p>Uluslararas\u0131 ticarette ba\u015far\u0131l\u0131 bir \u015fekilde i\u015flem yapman\u0131n en \u00f6nemli ad\u0131mlar\u0131ndan biri, g\u00fcmr\u00fckleme i\u015flemlerini do\u011fru bir \u015fekilde y\u00f6netmektir. Bu s\u00fcre\u00e7 olduk\u00e7a karma\u015f\u0131k ve zaman al\u0131c\u0131d\u0131r, ancak iyi bir g\u00fcmr\u00fck hizmeti sa\u011flay\u0131c\u0131s\u0131, bu i\u015flemleri m\u00fcmk\u00fcn olan en h\u0131zl\u0131 ve verimli \u015fekilde ger\u00e7ekle\u015ftirebilir.<\/p>\n<p>G\u00fcmr\u00fckleme hizmetlerimiz, m\u00fc\u015fterilerimize t\u00fcm g\u00fcmr\u00fck i\u015flemlerinde profesyonel bir destek sunmak i\u00e7in tasarlanm\u0131\u015ft\u0131r. G\u00fcmr\u00fck beyannamelerinin haz\u0131rlanmas\u0131, vergi \u00f6demeleri, ithalat ve ihracat i\u015flemlerinin y\u00f6netimi gibi t\u00fcm konularda size yard\u0131mc\u0131 oluyoruz.<\/p>\n<p>M\u00fc\u015fterilerimize en iyi hizmeti sunmak i\u00e7in, g\u00fcncel mevzuat\u0131 ve modern teknolojileri kullan\u0131yoruz. Ayr\u0131ca, m\u00fc\u015fterilerimiz i\u00e7in \u00f6zelle\u015ftirilmi\u015f \u00e7\u00f6z\u00fcmler geli\u015ftirerek, onlar\u0131n \u00f6zel ihtiya\u00e7lar\u0131na en uygun \u00e7\u00f6z\u00fcmleri sunuyoruz.<\/p>\n<p>G\u00fcmr\u00fckleme i\u015flemleri s\u0131ras\u0131nda, mallar\u0131n\u0131z\u0131n g\u00fcvenli\u011fi ve zaman\u0131nda teslimat\u0131 bizim \u00f6nceli\u011fimizdir. Bu nedenle, i\u015flerinizi do\u011fru ve zaman\u0131nda yapmak i\u00e7in, uzman kadromuz s\u00fcrekli olarak g\u00fcmr\u00fck mevzuat\u0131ndaki de\u011fi\u015fiklikleri takip eder ve m\u00fc\u015fterilerimizi bilgilendirir.<\/p>\n<p>Bizimle \u00e7al\u0131\u015farak, g\u00fcmr\u00fckleme i\u015flemlerinin karma\u015f\u0131kl\u0131\u011f\u0131na tak\u0131lmadan uluslararas\u0131 ticaretinizi kolayca ger\u00e7ekle\u015ftirebilirsiniz. Hemen bizimle ileti\u015fime ge\u00e7in ve g\u00fcmr\u00fckleme hizmetlerimiz hakk\u0131nda daha fazla bilgi edinin.[\/vc_column_text][\/vc_column][vc_column animation_delay=&#8221;0&#8243; width=&#8221;1\/3&#8243; el_id=&#8221;gumruksagpanel&#8221;][vc_row_inner][vc_column_inner width=&#8221;3\/12&#8243;][\/vc_column_inner][vc_column_inner width=&#8221;6\/12&#8243;][vc_custom_heading text=&#8221;TEKL\u0130F ALIN&#8221; font_container=&#8221;tag:h6|font_size:26px|text_align:left|color:%231f2c53|line_height:32px&#8221; use_theme_fonts=&#8221;yes&#8221; css_animation=&#8221;fadeInLeft&#8221; el_class=&#8221;text767-align-center&#8221;][\/vc_column_inner][vc_column_inner width=&#8221;3\/12&#8243;][\/vc_column_inner][\/vc_row_inner][vc_separator color=&#8221;custom&#8221; border_width=&#8221;2&#8243; el_width=&#8221;80&#8243; css_animation=&#8221;fadeInLeft&#8221; accent_color=&#8221;#616161&#8243;][vc_row_inner][vc_column_inner width=&#8221;1\/12&#8243;][\/vc_column_inner][vc_column_inner width=&#8221;3\/12&#8243;][vc_icon type=&#8221;material&#8221; icon_material=&#8221;vc-material vc-material-phone_in_talk&#8221; color=&#8221;custom&#8221; size=&#8221;lg&#8221; align=&#8221;center&#8221; css_animation=&#8221;fadeInLeft&#8221; custom_color=&#8221;#1f2c53&#8243;][\/vc_column_inner][vc_column_inner width=&#8221;7\/12&#8243; css=&#8221;.vc_custom_1683287848675{margin-top: 0px !important;margin-right: 0px !important;margin-bottom: 0px !important;margin-left: 0px !important;border-top-width: 0px !important;border-right-width: 0px !important;border-left-width: 0px !important;padding-top: 0px !important;padding-right: 0px !important;padding-bottom: 0px !important;padding-left: 0px !important;}&#8221;][vc_custom_heading text=&#8221;Telefon&#8221; font_container=&#8221;tag:h6|font_size:20px|text_align:left|color:%231f2c53|line_height:32px&#8221; use_theme_fonts=&#8221;yes&#8221; css_animation=&#8221;fadeInLeft&#8221; el_class=&#8221;text767-align-center&#8221; css=&#8221;.vc_custom_1683293547865{margin-bottom: 0px !important;border-bottom-width: 0px !important;padding-bottom: 0px !important;}&#8221;][vc_custom_heading text=&#8221;+995 593 44 62 10&#8243; font_container=&#8221;tag:p|text_align:left&#8221; use_theme_fonts=&#8221;yes&#8221; css_animation=&#8221;fadeInLeft&#8221; link=&#8221;url:tel%3A%2B995593446210%20&#8243; el_class=&#8221;text767-align-center&#8221; css=&#8221;.vc_custom_1683293605414{margin-bottom: 0px !important;border-bottom-width: 0px !important;padding-bottom: 0px !important;}&#8221;][vc_custom_heading text=&#8221;+90 532 355 53 10&#8243; font_container=&#8221;tag:p|text_align:left&#8221; use_theme_fonts=&#8221;yes&#8221; css_animation=&#8221;fadeInLeft&#8221; el_class=&#8221;text767-align-center&#8221; link=&#8221;url:tel%3A%2B905323555310&#8243; css=&#8221;.vc_custom_1683293613313{margin-top: 0px !important;border-top-width: 0px !important;padding-top: 0px !important;}&#8221;][\/vc_column_inner][vc_column_inner width=&#8221;1\/12&#8243;][\/vc_column_inner][\/vc_row_inner][vc_separator color=&#8221;custom&#8221; border_width=&#8221;2&#8243; el_width=&#8221;80&#8243; css_animation=&#8221;fadeInLeft&#8221; accent_color=&#8221;#616161&#8243;][vc_row_inner][vc_column_inner width=&#8221;1\/12&#8243;][\/vc_column_inner][vc_column_inner width=&#8221;3\/12&#8243;][vc_icon type=&#8221;material&#8221; icon_material=&#8221;vc-material vc-material-mail_outline&#8221; color=&#8221;custom&#8221; size=&#8221;lg&#8221; align=&#8221;center&#8221; css_animation=&#8221;fadeInLeft&#8221; custom_color=&#8221;#1f2c53&#8243;][\/vc_column_inner][vc_column_inner width=&#8221;7\/12&#8243; css=&#8221;.vc_custom_1683287848675{margin-top: 0px !important;margin-right: 0px !important;margin-bottom: 0px !important;margin-left: 0px !important;border-top-width: 0px !important;border-right-width: 0px !important;border-left-width: 0px !important;padding-top: 0px !important;padding-right: 0px !important;padding-bottom: 0px !important;padding-left: 0px !important;}&#8221;][vc_custom_heading text=&#8221;Mail&#8221; font_container=&#8221;tag:h6|font_size:20px|text_align:left|color:%231f2c53|line_height:32px&#8221; use_theme_fonts=&#8221;yes&#8221; css_animation=&#8221;fadeInLeft&#8221; el_class=&#8221;text767-align-center&#8221; css=&#8221;.vc_custom_1683293557909{margin-bottom: 0px !important;border-bottom-width: 0px !important;padding-bottom: 0px !important;}&#8221;][vc_custom_heading text=&#8221;enis.biberoglu@vegatport.com&#8221; font_container=&#8221;tag:p|font_size:15|text_align:left&#8221; use_theme_fonts=&#8221;yes&#8221; css_animation=&#8221;fadeInLeft&#8221; link=&#8221;url:mailto%3Aenis.biberoglu%40vegatport.com&#8221; el_class=&#8221;text767-align-center&#8221; css=&#8221;.vc_custom_1683300812827{margin-bottom: 0px !important;border-bottom-width: 0px !important;padding-bottom: 0px !important;}&#8221;][\/vc_column_inner][vc_column_inner width=&#8221;1\/12&#8243;][\/vc_column_inner][\/vc_row_inner][vc_separator color=&#8221;custom&#8221; border_width=&#8221;2&#8243; el_width=&#8221;80&#8243; css_animation=&#8221;fadeIn&#8221; accent_color=&#8221;#616161&#8243;]<div class=\"gap et-clearfix \" style=\"height:40px\"><\/div><div data-curtain=\"false\" data-preloader=\"false\" data-decoration=\"false\" data-decoration-size=\"small\" data-animation-delay=\"0\" data-parallax=\"false\" data-coordinatex=\"0\" data-coordinatey=\"0\" data-speed=\"1\" class=\"et-custom-image  alignnone overlay-none curtain-left\"><div class=\"overlay-hover\"><div class=\"image\"><div class=\"image-container\"><img loading=\"lazy\" decoding=\"async\" width=\"3710\" height=\"3710\" src=\"https:\/\/www.vegatport.com\/wp-content\/uploads\/2023\/05\/musteri.png\" alt=\"\"><\/div><\/div><\/div><\/div>[\/vc_column][\/vc_row]<\/p>\n","protected":false},"excerpt":{"rendered":"<p>[vc_row][vc_column][\/vc_column][\/vc_row][vc_row][vc_column width=&#8221;2\/3&#8243;][vc_column_text]Vega Trans olarak, Uluslararas\u0131 ticarette ba\u015far\u0131l\u0131 bir \u015fekilde i\u015flem yapman\u0131n en \u00f6nemli ad\u0131mlar\u0131ndan biri, g\u00fcmr\u00fckleme i\u015flemlerini do\u011fru bir \u015fekilde y\u00f6netmektir. Bu s\u00fcre\u00e7 olduk\u00e7a karma\u015f\u0131k ve zaman al\u0131c\u0131d\u0131r, ancak iyi bir g\u00fcmr\u00fck hizmeti sa\u011flay\u0131c\u0131s\u0131, bu i\u015flemleri m\u00fcmk\u00fcn olan en h\u0131zl\u0131 ve verimli \u015fekilde ger\u00e7ekle\u015ftirebilir. G\u00fcmr\u00fckleme hizmetlerimiz, m\u00fc\u015fterilerimize t\u00fcm g\u00fcmr\u00fck i\u015flemlerinde profesyonel bir destek sunmak i\u00e7in [&hellip;]<\/p>\n","protected":false},"author":1,"featured_media":0,"parent":0,"menu_order":0,"comment_status":"closed","ping_status":"closed","template":"","meta":{"footnotes":""},"class_list":["post-14459","page","type-page","status-publish","hentry"],"_links":{"self":[{"href":"https:\/\/www.vegatport.com\/index.php?rest_route=\/wp\/v2\/pages\/14459","targetHints":{"allow":["GET"]}}],"collection":[{"href":"https:\/\/www.vegatport.com\/index.php?rest_route=\/wp\/v2\/pages"}],"about":[{"href":"https:\/\/www.vegatport.com\/index.php?rest_route=\/wp\/v2\/types\/page"}],"author":[{"embeddable":true,"href":"https:\/\/www.vegatport.com\/index.php?rest_route=\/wp\/v2\/users\/1"}],"replies":[{"embeddable":true,"href":"https:\/\/www.vegatport.com\/index.php?rest_route=%2Fwp%2Fv2%2Fcomments&post=14459"}],"version-history":[{"count":6,"href":"https:\/\/www.vegatport.com\/index.php?rest_route=\/wp\/v2\/pages\/14459\/revisions"}],"predecessor-version":[{"id":14640,"href":"https:\/\/www.vegatport.com\/index.php?rest_route=\/wp\/v2\/pages\/14459\/revisions\/14640"}],"wp:attachment":[{"href":"https:\/\/www.vegatport.com\/index.php?rest_route=%2Fwp%2Fv2%2Fmedia&parent=14459"}],"curies":[{"name":"wp","href":"https:\/\/api.w.org\/{rel}","templated":true}]}}