{"id":13973,"date":"2022-10-14T16:44:30","date_gmt":"2022-10-14T13:44:30","guid":{"rendered":"https:\/\/www.vegatport.com\/?page_id=13973"},"modified":"2023-05-25T11:18:28","modified_gmt":"2023-05-25T08:18:28","slug":"hakimizda","status":"publish","type":"page","link":"https:\/\/www.vegatport.com\/?page_id=13973","title":{"rendered":"Hakk\u0131m\u0131zda"},"content":{"rendered":"<p>[vc_row gap=&#8221;0&#8243; css=&#8221;.vc_custom_1532006514275{padding-top: 96px !important;}&#8221;][vc_column animation_delay=&#8221;0&#8243; offset=&#8221;vc_col-lg-6 vc_col-md-8 vc_col-xs-12&#8243;]<h3 id=\"et-animated-title-1\" class=\"et-animated-title et-clearfix  words-direct\" data-mobile-font=\"32px\" data-tablet-font=\"inherit\" data-delay=\"0\" style=\"font-size:48px;font-weight:700;line-height:56px;color:#212121;\"><span class=\"text-wrapper\"><span class=\"text\">Kaliteli Servis &amp; Profesyonel Ekip<\/span><\/span><\/h3>[\/vc_column][vc_column animation_delay=&#8221;0&#8243; width=&#8221;1\/2&#8243; offset=&#8221;vc_hidden-lg vc_hidden-md vc_hidden-sm vc_hidden-xs&#8221;][\/vc_column][\/vc_row][vc_row gap=&#8221;80&#8243; css=&#8221;.vc_custom_1532006500755{padding-bottom: 72px !important;}&#8221;][vc_column width=&#8221;2\/3&#8243;]<div class=\"et-simple-braket-block-wrapper\"><style>#et-simple-braket-block-1 .braket-text {font-size:16px;font-weight:400;line-height:32px;}#et-simple-braket-block-1 .braket > div  {background-color:#fd8c40;}<\/style><div id=\"et-simple-braket-block-1\" class=\"et-simple-braket-block \"><div class=\"braket\"><div><\/div><div><\/div><div><\/div><\/div><div class=\"braket-text\" data-mobile-font=\"inherit\" data-tablet-font=\"inherit\">Vega Trans, uluslararas\u0131 ta\u015f\u0131mac\u0131l\u0131k ve g\u00fcmr\u00fckleme hizmetleri alan\u0131nda lider bir \u015firkettir. Firmam\u0131z, y\u0131llar\u0131n deneyimine sahip uzman kadrosu ve geni\u015f i\u015f a\u011f\u0131yla m\u00fc\u015fterilerimize kaliteli ve g\u00fcvenilir hizmetler sunmaktad\u0131r.&lt;\/p&gt;\n&lt;p&gt;M\u00fc\u015fteri memnuniyetini en \u00fcst d\u00fczeyde tutmay\u0131 ama\u00e7layan Vega Trans, ta\u015f\u0131mac\u0131l\u0131k ve g\u00fcmr\u00fckleme s\u00fcre\u00e7lerinde \u00e7\u00f6z\u00fcm odakl\u0131 yakla\u015f\u0131m\u0131yla \u00f6ne \u00e7\u0131kmaktad\u0131r. Y\u00fcksek standartlara uygun hizmet anlay\u0131\u015f\u0131m\u0131z, m\u00fc\u015fterilerimize zaman\u0131nda teslimatlar ve sorunsuz g\u00fcmr\u00fckleme i\u015flemleri sa\u011flama konusundaki kararl\u0131l\u0131\u011f\u0131m\u0131z\u0131 yans\u0131tmaktad\u0131r.&lt;\/p&gt;\n&lt;p&gt;Geni\u015f ve \u00e7e\u015fitlendirilmi\u015f filomuz, son teknoloji izleme ve takip sistemleriyle donat\u0131lm\u0131\u015ft\u0131r. Bu sayede, m\u00fc\u015fterilerimize y\u00fcklerinin her ad\u0131m\u0131n\u0131 ger\u00e7ek zamanl\u0131 olarak takip etme imkan\u0131 sunmaktay\u0131z. Ayr\u0131ca, k\u00fcresel \u00f6l\u00e7ekteki i\u015f ortaklar\u0131m\u0131z ve acentelerimizle g\u00fc\u00e7l\u00fc ili\u015fkiler kurarak, uluslararas\u0131 ta\u015f\u0131mac\u0131l\u0131k ve g\u00fcmr\u00fckleme a\u011f\u0131m\u0131z\u0131 geni\u015fletiyoruz.&lt;\/p&gt;\n&lt;p&gt;Vega Trans olarak, m\u00fc\u015fterilerimizin ihtiya\u00e7lar\u0131na \u00f6zel \u00e7\u00f6z\u00fcmler \u00fcretmek ve en zorlu lojistik zorluklar\u0131yla ba\u015fa \u00e7\u0131kmak i\u00e7in s\u00fcrekli olarak kendimizi geli\u015ftirmekteyiz. M\u00fc\u015fteri odakl\u0131 yakla\u015f\u0131m\u0131m\u0131z, esneklik, g\u00fcvenilirlik ve kalite ilkeleri \u00fczerine kuruludur.&lt;\/p&gt;\n&lt;p&gt;Sizlere en iyi hizmeti sunmak i\u00e7in buraday\u0131z. Bize g\u00fcvenin, uluslararas\u0131 ta\u015f\u0131mac\u0131l\u0131k ve g\u00fcmr\u00fckleme alan\u0131nda i\u015fbirli\u011fi yapmak i\u00e7in bizimle ileti\u015fime ge\u00e7in.<\/div><\/div><\/div><div class=\"gap et-clearfix \" style=\"height:32px\"><\/div><div data-curtain=\"false\" data-preloader=\"false\" data-decoration=\"false\" data-decoration-size=\"small\" data-animation-delay=\"0\" data-parallax=\"false\" data-coordinatex=\"0\" data-coordinatey=\"0\" data-speed=\"1\" class=\"et-custom-image  alignnone overlay-none curtain-left\"><div class=\"overlay-hover\"><div class=\"image\"><div class=\"image-container\"><img loading=\"lazy\" decoding=\"async\" width=\"1920\" height=\"1280\" src=\"https:\/\/www.vegatport.com\/wp-content\/uploads\/2023\/04\/hakkimizdavega.jpg\" alt=\"\"><\/div><\/div><\/div><\/div>[\/vc_column][vc_column animation_delay=&#8221;0&#8243; width=&#8221;1\/3&#8243; css=&#8221;.vc_custom_1530279884745{border-left-width: 1px !important;padding-left: 20% !important;border-left-color: #e0e0e0 !important;border-left-style: solid !important;border-radius: 1px !important;}&#8221; el_class=&#8221;et-element-column-with-border-left&#8221;]<h3 class=\"et-highlight-title \" style=\"font-weight:700;color:#1f2c53;\" data-mobile-font=\"inherit\" data-tablet-font=\"inherit\"><span class=\"title-inner\">KARA H\u0130ZMETLER\u0130M\u0130Z<span class=\"highlight-line\" style=\"background-color:#ffffff;\"><\/span><\/span><\/h3>[vc_column_text]<\/p>\n<ul style=\"font-size: 15px;\">\n<li>Geni\u015f ara\u00e7 filosuyla \u00e7e\u015fitli y\u00fckleri ta\u015f\u0131yoruz.<\/li>\n<li>Deneyimli \u015fof\u00f6rlerimiz g\u00fcvenli ta\u015f\u0131mac\u0131l\u0131k sa\u011flar.<\/li>\n<li>Uluslararas\u0131 hatlar\u0131m\u0131zla d\u00fcnya genelinde hizmet veriyoruz.<\/li>\n<li>Kombine ta\u015f\u0131mac\u0131l\u0131kla daha h\u0131zl\u0131 ve ekonomik \u00e7\u00f6z\u00fcmler sunuyoruz.<\/li>\n<li>Y\u00fcklerinizi ger\u00e7ek zamanl\u0131 olarak takip ve izleme imkan\u0131 sa\u011fl\u0131yoruz.<\/li>\n<li>G\u00fcmr\u00fck i\u015flemlerini profesyonelce y\u00f6netiyoruz.<\/li>\n<li>A\u011f\u0131r y\u00fck ta\u015f\u0131mac\u0131l\u0131\u011f\u0131 i\u00e7in \u00f6zel ekipmanlar\u0131m\u0131z mevcut.<\/li>\n<li>Lojistik planlama ile zaman tasarrufu sa\u011fl\u0131yoruz.<\/li>\n<li>Acil ta\u015f\u0131mac\u0131l\u0131k hizmetleri sunuyoruz.<\/li>\n<li>M\u00fc\u015fteri memnuniyeti odakl\u0131 \u00e7\u00f6z\u00fcmler sunarak hizmet veriyoruz.<\/li>\n<\/ul>\n<p>[\/vc_column_text][\/vc_column][\/vc_row]<\/p>\n","protected":false},"excerpt":{"rendered":"<p>[vc_row gap=&#8221;0&#8243; css=&#8221;.vc_custom_1532006514275{padding-top: 96px !important;}&#8221;][vc_column animation_delay=&#8221;0&#8243; offset=&#8221;vc_col-lg-6 vc_col-md-8 vc_col-xs-12&#8243;][\/vc_column][vc_column animation_delay=&#8221;0&#8243; width=&#8221;1\/2&#8243; offset=&#8221;vc_hidden-lg vc_hidden-md vc_hidden-sm vc_hidden-xs&#8221;][\/vc_column][\/vc_row][vc_row gap=&#8221;80&#8243; css=&#8221;.vc_custom_1532006500755{padding-bottom: 72px !important;}&#8221;][vc_column width=&#8221;2\/3&#8243;][\/vc_column][vc_column animation_delay=&#8221;0&#8243; width=&#8221;1\/3&#8243; css=&#8221;.vc_custom_1530279884745{border-left-width: 1px !important;padding-left: 20% !important;border-left-color: #e0e0e0 !important;border-left-style: solid !important;border-radius: 1px !important;}&#8221; el_class=&#8221;et-element-column-with-border-left&#8221;][vc_column_text] Geni\u015f ara\u00e7 filosuyla \u00e7e\u015fitli y\u00fckleri ta\u015f\u0131yoruz. Deneyimli \u015fof\u00f6rlerimiz g\u00fcvenli ta\u015f\u0131mac\u0131l\u0131k sa\u011flar. Uluslararas\u0131 hatlar\u0131m\u0131zla d\u00fcnya genelinde hizmet veriyoruz. Kombine ta\u015f\u0131mac\u0131l\u0131kla daha h\u0131zl\u0131 [&hellip;]<\/p>\n","protected":false},"author":1,"featured_media":0,"parent":0,"menu_order":0,"comment_status":"closed","ping_status":"closed","template":"page-vc.php","meta":{"footnotes":""},"class_list":["post-13973","page","type-page","status-publish","hentry"],"_links":{"self":[{"href":"https:\/\/www.vegatport.com\/index.php?rest_route=\/wp\/v2\/pages\/13973","targetHints":{"allow":["GET"]}}],"collection":[{"href":"https:\/\/www.vegatport.com\/index.php?rest_route=\/wp\/v2\/pages"}],"about":[{"href":"https:\/\/www.vegatport.com\/index.php?rest_route=\/wp\/v2\/types\/page"}],"author":[{"embeddable":true,"href":"https:\/\/www.vegatport.com\/index.php?rest_route=\/wp\/v2\/users\/1"}],"replies":[{"embeddable":true,"href":"https:\/\/www.vegatport.com\/index.php?rest_route=%2Fwp%2Fv2%2Fcomments&post=13973"}],"version-history":[{"count":5,"href":"https:\/\/www.vegatport.com\/index.php?rest_route=\/wp\/v2\/pages\/13973\/revisions"}],"predecessor-version":[{"id":14659,"href":"https:\/\/www.vegatport.com\/index.php?rest_route=\/wp\/v2\/pages\/13973\/revisions\/14659"}],"wp:attachment":[{"href":"https:\/\/www.vegatport.com\/index.php?rest_route=%2Fwp%2Fv2%2Fmedia&parent=13973"}],"curies":[{"name":"wp","href":"https:\/\/api.w.org\/{rel}","templated":true}]}}